{"id":444,"date":"2025-10-24T13:50:46","date_gmt":"2025-10-24T13:50:46","guid":{"rendered":"https:\/\/newland-personalservice.de\/?page_id=444"},"modified":"2026-01-13T09:13:36","modified_gmt":"2026-01-13T09:13:36","slug":"impressum","status":"publish","type":"page","link":"https:\/\/newland-personalservice.de\/ro\/impressum\/","title":{"rendered":"Imprint"},"content":{"rendered":"<div data-elementor-type=\"wp-page\" data-elementor-id=\"444\" class=\"elementor elementor-444\" data-elementor-post-type=\"page\">\n\t\t\t\t<div class=\"elementor-element elementor-element-5d10460 e-flex e-con-boxed e-con e-parent\" data-id=\"5d10460\" data-element_type=\"container\" data-e-type=\"container\">\n\t\t\t\t\t<div class=\"e-con-inner\">\n\t\t\t\t<div class=\"elementor-element elementor-element-1c70d39 elementor-widget elementor-widget-text-editor\" data-id=\"1c70d39\" data-element_type=\"widget\" data-e-type=\"widget\" data-widget_type=\"text-editor.default\">\n\t\t\t\t\t\t\t\t\t<h1>Imprint<\/h1><p>NewLand Personalservice GmbH<br \/>Mittelstra\u00dfe 11<br \/>40789 Monheim pe Rin<\/p><p>Registrul comer\u021bului: HRB 110709<br \/>Instan\u021ba de \u00eenregistrare: Tribunalul local din D\u00fcsseldorf<\/p><p><strong>Reprezentat\u0103 de:<\/strong><br \/>David Land<\/p><h2>Contacta\u021bi-ne<\/h2><p>Telefon: +49 1515 0620264<br \/>E-mail: info@newland-personalservice.de<\/p><h2>ID-ul taxei de v\u00e2nzare<\/h2><p>Num\u0103rul de identificare a taxei pe v\u00e2nz\u0103ri \u00een conformitate cu \u00a7 27 a legii privind taxa pe v\u00e2nz\u0103ri:<br \/>DE458730996<\/p><h2>Solu\u021bionarea litigiilor \u00een materie de consum\/centrul universal de arbitraj<\/h2><p>Nu suntem dispu\u0219i sau obliga\u021bi s\u0103 particip\u0103m la procedurile de solu\u021bionare a litigiilor \u00een fa\u021ba unei comisii de arbitraj a consumatorilor.<\/p><p>Surs\u0103: <a href=\"https:\/\/www.e-recht24.de\">eRecht24<\/a><\/p>\t\t\t\t\t\t\t\t<\/div>\n\t\t\t\t\t<\/div>\n\t\t\t\t<\/div>\n\t\t\t\t<\/div>","protected":false},"excerpt":{"rendered":"<p>Impressum NewLand Personalservice GmbHMittelstra\u00dfe 1140789 Monheim am Rhein Handelsregister: HRB 110709Registergericht: Amtsgericht D\u00fcsseldorf Vertreten durch:David Land Kontakt Telefon: +49 1515 0620264E-Mail: info@newland-personalservice.de Umsatzsteuer-ID Umsatzsteuer-Identifikationsnummer gem\u00e4\u00df \u00a7 27 a Umsatzsteuergesetz:DE458730996 Verbraucher\u00adstreit\u00adbeilegung\/Universal\u00adschlichtungs\u00adstelle Wir sind nicht bereit oder verpflichtet, an Streitbeilegungsverfahren vor einer Verbraucherschlichtungsstelle teilzunehmen. Quelle: eRecht24<\/p>","protected":false},"author":2,"featured_media":0,"parent":0,"menu_order":0,"comment_status":"closed","ping_status":"closed","template":"","meta":{"footnotes":""},"class_list":["post-444","page","type-page","status-publish","hentry"],"_links":{"self":[{"href":"https:\/\/newland-personalservice.de\/ro\/wp-json\/wp\/v2\/pages\/444","targetHints":{"allow":["GET"]}}],"collection":[{"href":"https:\/\/newland-personalservice.de\/ro\/wp-json\/wp\/v2\/pages"}],"about":[{"href":"https:\/\/newland-personalservice.de\/ro\/wp-json\/wp\/v2\/types\/page"}],"author":[{"embeddable":true,"href":"https:\/\/newland-personalservice.de\/ro\/wp-json\/wp\/v2\/users\/2"}],"replies":[{"embeddable":true,"href":"https:\/\/newland-personalservice.de\/ro\/wp-json\/wp\/v2\/comments?post=444"}],"version-history":[{"count":13,"href":"https:\/\/newland-personalservice.de\/ro\/wp-json\/wp\/v2\/pages\/444\/revisions"}],"predecessor-version":[{"id":818,"href":"https:\/\/newland-personalservice.de\/ro\/wp-json\/wp\/v2\/pages\/444\/revisions\/818"}],"wp:attachment":[{"href":"https:\/\/newland-personalservice.de\/ro\/wp-json\/wp\/v2\/media?parent=444"}],"curies":[{"name":"wp","href":"https:\/\/api.w.org\/{rel}","templated":true}]}}